{"id":71,"date":"2015-02-23T19:38:37","date_gmt":"2015-02-23T19:38:37","guid":{"rendered":"http:\/\/www.mediationfeller.ch\/wp\/?page_id=71"},"modified":"2020-09-03T12:26:46","modified_gmt":"2020-09-03T12:26:46","slug":"paar","status":"publish","type":"page","link":"https:\/\/www.mediationfeller.ch\/wp\/konfliktfelder\/paar\/","title":{"rendered":"Paar"},"content":{"rendered":"\n<style type=\"text\/css\" data-created_by=\"avia_inline_auto\" id=\"style-css-av-3vl7j-02b14ba2ade5338d719b32bbefa211a4\">\n.flex_column.av-3vl7j-02b14ba2ade5338d719b32bbefa211a4{\nborder-radius:0px 0px 0px 0px;\npadding:0px 0px 0px 0px;\n}\n<\/style>\n<div  class='flex_column av-3vl7j-02b14ba2ade5338d719b32bbefa211a4 av_one_full  avia-builder-el-0  el_before_av_one_half  avia-builder-el-first  first flex_column_div av-zero-column-padding  '     ><style type=\"text\/css\" data-created_by=\"avia_inline_auto\" id=\"style-css-av-bulj-1c86498a86a5a53457e0f3bdd4bbdb57\">\n#top .av-special-heading.av-bulj-1c86498a86a5a53457e0f3bdd4bbdb57{\npadding-bottom:10px;\n}\nbody .av-special-heading.av-bulj-1c86498a86a5a53457e0f3bdd4bbdb57 .av-special-heading-tag .heading-char{\nfont-size:25px;\n}\n.av-special-heading.av-bulj-1c86498a86a5a53457e0f3bdd4bbdb57 .av-subheading{\nfont-size:15px;\n}\n<\/style>\n<div  class='av-special-heading av-bulj-1c86498a86a5a53457e0f3bdd4bbdb57 av-special-heading-h1  avia-builder-el-1  avia-builder-el-no-sibling '><h1 class='av-special-heading-tag '  itemprop=\"headline\"  >Paarkonflikte<\/h1><div class=\"special-heading-border\"><div class=\"special-heading-inner-border\"><\/div><\/div><\/div><\/div>\n\n<style type=\"text\/css\" data-created_by=\"avia_inline_auto\" id=\"style-css-av-2wkvb-767f77622bf40dcc8c3cd02d189fddb7\">\n.flex_column.av-2wkvb-767f77622bf40dcc8c3cd02d189fddb7{\nborder-radius:0px 0px 0px 0px;\npadding:0px 0px 0px 0px;\n}\n<\/style>\n<div  class='flex_column av-2wkvb-767f77622bf40dcc8c3cd02d189fddb7 av_one_half  avia-builder-el-2  el_after_av_one_full  el_before_av_one_half  first flex_column_div av-zero-column-padding  column-top-margin'     ><p>\n<style type=\"text\/css\" data-created_by=\"avia_inline_auto\" id=\"style-css-av-k7t1l6gz-1506679ce7509fa07b0386881cbe8341\">\n#top .hr.hr-invisible.av-k7t1l6gz-1506679ce7509fa07b0386881cbe8341{\nheight:20px;\n}\n<\/style>\n<div  class='hr av-k7t1l6gz-1506679ce7509fa07b0386881cbe8341 hr-invisible  avia-builder-el-3  el_before_av_image  avia-builder-el-first '><span class='hr-inner '><span class=\"hr-inner-style\"><\/span><\/span><\/div><br \/>\n\n<style type=\"text\/css\" data-created_by=\"avia_inline_auto\" id=\"style-css-av-k7t1bwmz-c616965696cfbe4cee7196e7d4e056d4\">\n.avia-image-container.av-k7t1bwmz-c616965696cfbe4cee7196e7d4e056d4 img.avia_image{\nbox-shadow:none;\n}\n.avia-image-container.av-k7t1bwmz-c616965696cfbe4cee7196e7d4e056d4 .av-image-caption-overlay-center{\ncolor:#ffffff;\n}\n<\/style>\n<div  class='avia-image-container av-k7t1bwmz-c616965696cfbe4cee7196e7d4e056d4 av-styling- avia-align-left  avia-builder-el-4  el_after_av_hr  avia-builder-el-last '   itemprop=\"image\" itemscope=\"itemscope\" itemtype=\"https:\/\/schema.org\/ImageObject\" ><div class=\"avia-image-container-inner\"><div class=\"avia-image-overlay-wrap\"><img decoding=\"async\" fetchpriority=\"high\" class='wp-image-1303 avia-img-lazy-loading-not-1303 avia_image ' src=\"https:\/\/www.mediationfeller.ch\/wp\/wp-content\/uploads\/2020\/04\/panthermedia_B97174970_1748x1167-495x400.jpg\" alt='' title='panthermedia_B97174970_1748x1167'  height=\"400\" width=\"495\"  itemprop=\"thumbnailUrl\" srcset=\"https:\/\/www.mediationfeller.ch\/wp\/wp-content\/uploads\/2020\/04\/panthermedia_B97174970_1748x1167.jpg 495w, https:\/\/www.mediationfeller.ch\/wp\/wp-content\/uploads\/2020\/04\/panthermedia_B97174970_1748x1167-300x242.jpg 300w\" sizes=\"(max-width: 495px) 100vw, 495px\" \/><\/div><\/div><\/div><\/p><\/div>\n\n<style type=\"text\/css\" data-created_by=\"avia_inline_auto\" id=\"style-css-av-289k7-19b3b3e42c2921c6156a00ff3fb9945a\">\n.flex_column.av-289k7-19b3b3e42c2921c6156a00ff3fb9945a{\nborder-radius:0px 0px 0px 0px;\npadding:0px 0px 0px 0px;\n}\n<\/style>\n<div  class='flex_column av-289k7-19b3b3e42c2921c6156a00ff3fb9945a av_one_half  avia-builder-el-5  el_after_av_one_half  el_before_av_one_half  flex_column_div av-zero-column-padding  column-top-margin'     ><section  class='av_textblock_section av-k7t1b7sn-98a4d6b8d05f4464d2773ec947920c2f '   itemscope=\"itemscope\" itemtype=\"https:\/\/schema.org\/CreativeWork\" ><div class='avia_textblock'  itemprop=\"text\" ><p>Nicht immer ist das Zusammenleben und Zusammensein so harmonisch wie der gemeinsame Tanzschritt &#8230;<\/p>\n<p>Auch wenn Differenzen zum Alltag geh\u00f6ren und wir uns bewusst sind, dass jeder seine eigene Pers\u00f6nlichkeit besitzt und daf\u00fcr Platz braucht, so entstehen &#8211; teils bereits zu Beginn einer Paarbeziehung &#8211;\u00a0 aus unterschiedlichen Ansichten oder Werten Tabus. Je zentraler und konfliktgeladener diese Themen sind, desto schwerer lasten sie auf der Beziehung und f\u00fchren zu oft endlosen Verstrickungen.<\/p>\n<\/div><\/section><\/div>\n\n<style type=\"text\/css\" data-created_by=\"avia_inline_auto\" id=\"style-css-av-1hbkr-481a0328e75ec05c4133502d54fa1eae\">\n.flex_column.av-1hbkr-481a0328e75ec05c4133502d54fa1eae{\nborder-radius:0px 0px 0px 0px;\npadding:0px 0px 0px 0px;\n}\n<\/style>\n<div  class='flex_column av-1hbkr-481a0328e75ec05c4133502d54fa1eae av_one_half  avia-builder-el-7  el_after_av_one_half  el_before_av_one_half  first flex_column_div av-zero-column-padding  column-top-margin'     ><section  class='av_textblock_section av-k7t1b7sn-98a4d6b8d05f4464d2773ec947920c2f '   itemscope=\"itemscope\" itemtype=\"https:\/\/schema.org\/CreativeWork\" ><div class='avia_textblock'  itemprop=\"text\" ><p>Nicht selten hilft es dabei, eine dritte, vermittelnde Person beizuziehen, um ohne Angst oder Scham diese heiklen Punkte auf den Tisch zu bringen.<\/p>\n<p>Mediation hat somit nicht nur ihren Platz im Umgang mit Trennungen und Scheidungen, sondern auch bei vermeidlichen Alltagskonflikten, Kl\u00e4rungen von Bed\u00fcrfnissen und Freir\u00e4umen sowie schwerlastenden Themen in ansonsten gut laufenden Partnerschaften.<\/p>\n<p>Eine Mediation kann also genauso gut bei Start einer Beziehung, mitten in einer Partnerschaft, auf dem Weg der Aufl\u00f6sung einer Beziehung oder auch bei einer Scheidung angegangen werden und in jedem Fall einen Schritt weiterbringen.<\/p>\n<\/div><\/section><\/div>\n\n<style type=\"text\/css\" data-created_by=\"avia_inline_auto\" id=\"style-css-av-15g13-54577d0aea44a4fe8eabce568b9052cb\">\n.flex_column.av-15g13-54577d0aea44a4fe8eabce568b9052cb{\nborder-radius:0px 0px 0px 0px;\npadding:0px 0px 0px 0px;\n}\n<\/style>\n<div  class='flex_column av-15g13-54577d0aea44a4fe8eabce568b9052cb av_one_half  avia-builder-el-9  el_after_av_one_half  el_before_av_hr  flex_column_div av-zero-column-padding  column-top-margin'     ><p>\n<style type=\"text\/css\" data-created_by=\"avia_inline_auto\" id=\"style-css-av-k7t1l6gz-1506679ce7509fa07b0386881cbe8341\">\n#top .hr.hr-invisible.av-k7t1l6gz-1506679ce7509fa07b0386881cbe8341{\nheight:20px;\n}\n<\/style>\n<div  class='hr av-k7t1l6gz-1506679ce7509fa07b0386881cbe8341 hr-invisible  avia-builder-el-10  el_before_av_image  avia-builder-el-first '><span class='hr-inner '><span class=\"hr-inner-style\"><\/span><\/span><\/div><br \/>\n\n<style type=\"text\/css\" data-created_by=\"avia_inline_auto\" id=\"style-css-av-k7t1bwmz-62260144f9d6069e59710c7e4697c49f\">\n.avia-image-container.av-k7t1bwmz-62260144f9d6069e59710c7e4697c49f img.avia_image{\nbox-shadow:none;\n}\n.avia-image-container.av-k7t1bwmz-62260144f9d6069e59710c7e4697c49f .av-image-caption-overlay-center{\ncolor:#ffffff;\n}\n<\/style>\n<div  class='avia-image-container av-k7t1bwmz-62260144f9d6069e59710c7e4697c49f av-styling- avia-align-left  avia-builder-el-11  el_after_av_hr  avia-builder-el-last '   itemprop=\"image\" itemscope=\"itemscope\" itemtype=\"https:\/\/schema.org\/ImageObject\" ><div class=\"avia-image-container-inner\"><div class=\"avia-image-overlay-wrap\"><img decoding=\"async\" fetchpriority=\"high\" class='wp-image-1302 avia-img-lazy-loading-not-1302 avia_image ' src=\"https:\/\/www.mediationfeller.ch\/wp\/wp-content\/uploads\/2020\/04\/AdobeStock_261291761-495x400.jpg\" alt='' title='AdobeStock_261291761'  height=\"400\" width=\"495\"  itemprop=\"thumbnailUrl\" srcset=\"https:\/\/www.mediationfeller.ch\/wp\/wp-content\/uploads\/2020\/04\/AdobeStock_261291761.jpg 495w, https:\/\/www.mediationfeller.ch\/wp\/wp-content\/uploads\/2020\/04\/AdobeStock_261291761-300x242.jpg 300w\" sizes=\"(max-width: 495px) 100vw, 495px\" \/><\/div><\/div><\/div><\/p><\/div>\n\n<style type=\"text\/css\" data-created_by=\"avia_inline_auto\" id=\"style-css-av-k7341s6h-c5a77815a9fc2dd6213de55ab5df7001\">\n#top .hr.hr-invisible.av-k7341s6h-c5a77815a9fc2dd6213de55ab5df7001{\nheight:50px;\n}\n<\/style>\n<div  class='hr av-k7341s6h-c5a77815a9fc2dd6213de55ab5df7001 hr-invisible  avia-builder-el-12  el_after_av_one_half  el_before_av_textblock '><span class='hr-inner '><span class=\"hr-inner-style\"><\/span><\/span><\/div>\n<section  class='av_textblock_section av-k72fyhw9-ff50d6b8bceaffd6338199cbb31d4a95 '   itemscope=\"itemscope\" itemtype=\"https:\/\/schema.org\/CreativeWork\" ><div class='avia_textblock'  itemprop=\"text\" ><p><strong>Ich begleite jedes Paar, ob gleichgeschlechtlich oder gegengeschlechtlich, sowie auch unabh\u00e4ngig seines Alters oder seiner Nationalit\u00e4t.<\/strong><\/p>\n<\/div><\/section>\n","protected":false},"excerpt":{"rendered":"","protected":false},"author":2,"featured_media":0,"parent":63,"menu_order":17,"comment_status":"closed","ping_status":"closed","template":"","meta":{"inline_featured_image":false,"footnotes":""},"class_list":["post-71","page","type-page","status-publish","hentry"],"_links":{"self":[{"href":"https:\/\/www.mediationfeller.ch\/wp\/wp-json\/wp\/v2\/pages\/71","targetHints":{"allow":["GET"]}}],"collection":[{"href":"https:\/\/www.mediationfeller.ch\/wp\/wp-json\/wp\/v2\/pages"}],"about":[{"href":"https:\/\/www.mediationfeller.ch\/wp\/wp-json\/wp\/v2\/types\/page"}],"author":[{"embeddable":true,"href":"https:\/\/www.mediationfeller.ch\/wp\/wp-json\/wp\/v2\/users\/2"}],"replies":[{"embeddable":true,"href":"https:\/\/www.mediationfeller.ch\/wp\/wp-json\/wp\/v2\/comments?post=71"}],"version-history":[{"count":26,"href":"https:\/\/www.mediationfeller.ch\/wp\/wp-json\/wp\/v2\/pages\/71\/revisions"}],"predecessor-version":[{"id":1497,"href":"https:\/\/www.mediationfeller.ch\/wp\/wp-json\/wp\/v2\/pages\/71\/revisions\/1497"}],"up":[{"embeddable":true,"href":"https:\/\/www.mediationfeller.ch\/wp\/wp-json\/wp\/v2\/pages\/63"}],"wp:attachment":[{"href":"https:\/\/www.mediationfeller.ch\/wp\/wp-json\/wp\/v2\/media?parent=71"}],"curies":[{"name":"wp","href":"https:\/\/api.w.org\/{rel}","templated":true}]}}